{"id":2,"date":"2026-02-25T12:44:51","date_gmt":"2026-02-25T11:44:51","guid":{"rendered":"https:\/\/blogg.hiof.no\/v26iri07\/?page_id=2"},"modified":"2026-03-09T12:08:35","modified_gmt":"2026-03-09T11:08:35","slug":"om-prosjektet","status":"publish","type":"page","link":"https:\/\/blogg.hiof.no\/v26iri07\/om-prosjektet\/","title":{"rendered":"Om Prosjektet"},"content":{"rendered":"<p>V\u00e5rt prosjekt i denne bacheloroppgaven er demokratiutvikling.<\/p>\n<p>Vi forsker p\u00e5 hvordan sosiale medier p\u00e5virker unge sitt engasjement og deres tillit til demokratiet. Vi vil ogs\u00e5 pr\u00f8ve \u00e5 finne hvordan man kan bruke dette som en fordel. Hvordan kan man bruke sosiale medier for \u00e5 \u00f8ke deres engasjement og tillit?<\/p>\n<p>I stortingsvalget i 2025 var det 22.6% av unge fra 18-19 som ikke stemte, og 24.7% av de mellom 20-24. Dette er en \u00f8kning siden sist valg, som er bra, men likevell er det forstatt en del unge som ikke stemmer.<\/p>\n<p>Men den statistikken som interesserer oss ekstra er kommunevalget. 44.4% av 18-19 \u00e5rige og 54.5% av 20-24 \u00e5rige stemte IKKE ved kommunevalget 2023. Dette er en nedgang fra det som var i 2019. V\u00e5rt m\u00e5l med ette er \u00e5 ikke bare finne ut hvordan soiale medier spiller inn i dette, men ogs\u00e5 hvordan det kan hjelpe \u00e5 \u00f8ke disse tallene.<\/p>\n","protected":false},"excerpt":{"rendered":"<p>V\u00e5rt prosjekt i denne bacheloroppgaven er demokratiutvikling. Vi forsker p\u00e5 hvordan sosiale medier p\u00e5virker unge sitt engasjement og deres tillit til demokratiet. Vi vil ogs\u00e5 pr\u00f8ve \u00e5 finne hvordan man kan bruke dette som en fordel. Hvordan kan man bruke sosiale medier for \u00e5 \u00f8ke deres engasjement og tillit? I stortingsvalget i 2025 var det [&hellip;]<\/p>\n","protected":false},"author":1799,"featured_media":0,"parent":0,"menu_order":0,"comment_status":"closed","ping_status":"open","template":"","meta":{"footnotes":""},"class_list":["post-2","page","type-page","status-publish","hentry"],"_links":{"self":[{"href":"https:\/\/blogg.hiof.no\/v26iri07\/wp-json\/wp\/v2\/pages\/2","targetHints":{"allow":["GET"]}}],"collection":[{"href":"https:\/\/blogg.hiof.no\/v26iri07\/wp-json\/wp\/v2\/pages"}],"about":[{"href":"https:\/\/blogg.hiof.no\/v26iri07\/wp-json\/wp\/v2\/types\/page"}],"author":[{"embeddable":true,"href":"https:\/\/blogg.hiof.no\/v26iri07\/wp-json\/wp\/v2\/users\/1799"}],"replies":[{"embeddable":true,"href":"https:\/\/blogg.hiof.no\/v26iri07\/wp-json\/wp\/v2\/comments?post=2"}],"version-history":[{"count":5,"href":"https:\/\/blogg.hiof.no\/v26iri07\/wp-json\/wp\/v2\/pages\/2\/revisions"}],"predecessor-version":[{"id":18,"href":"https:\/\/blogg.hiof.no\/v26iri07\/wp-json\/wp\/v2\/pages\/2\/revisions\/18"}],"wp:attachment":[{"href":"https:\/\/blogg.hiof.no\/v26iri07\/wp-json\/wp\/v2\/media?parent=2"}],"curies":[{"name":"wp","href":"https:\/\/api.w.org\/{rel}","templated":true}]}}